{"id":1479,"date":"2022-11-14T10:33:00","date_gmt":"2022-11-14T10:33:00","guid":{"rendered":"https:\/\/prodentes.hu\/?page_id=1479"},"modified":"2025-08-12T05:37:43","modified_gmt":"2025-08-12T05:37:43","slug":"berespetermaganrendeles-neak","status":"publish","type":"page","link":"https:\/\/prodentes.hu\/","title":{"rendered":"Mag\u00e1nrendel\u00e9s \u00e9s NEAK"},"content":{"rendered":"\t\t<div data-elementor-type=\"wp-page\" data-elementor-id=\"1479\" class=\"elementor elementor-1479\">\n\t\t\t\t\t\t<section class=\"elementor-section elementor-top-section elementor-element elementor-element-8ceeeb2 elementor-hidden-desktop elementor-hidden-tablet elementor-hidden-mobile elementor-section-boxed elementor-section-height-default elementor-section-height-default\" data-id=\"8ceeeb2\" data-element_type=\"section\" data-settings=\"{&quot;background_background&quot;:&quot;classic&quot;}\">\n\t\t\t\t\t\t<div class=\"elementor-container elementor-column-gap-default\">\n\t\t\t\t\t<div class=\"elementor-column elementor-col-100 elementor-top-column elementor-element elementor-element-c422b30\" data-id=\"c422b30\" data-element_type=\"column\">\n\t\t\t<div class=\"elementor-widget-wrap elementor-element-populated\">\n\t\t\t\t\t\t<div class=\"elementor-element elementor-element-05a2884 elementor-widget elementor-widget-heading\" data-id=\"05a2884\" data-element_type=\"widget\" data-widget_type=\"heading.default\">\n\t\t\t\t<div class=\"elementor-widget-container\">\n\t\t\t<h3 class=\"elementor-heading-title elementor-size-default\">Kedves Betegeink! T\u00e1j\u00e9koztatjuk \u00d6n\u00f6ket, hogy Dr. B\u00e9res P\u00e9ter \u00e9s Dr. Kajtor \u00c1gnes rendel\u00e9se 2025. j\u00falius 14. \u00e9s augusztus 3. k\u00f6z\u00f6tt sz\u00fcnetel. K\u00f6sz\u00f6nj\u00fck meg\u00e9rt\u00e9s\u00fcket \u00e9s j\u00f3 pihen\u00e9st k\u00edv\u00e1nunk!<\/h3>\t\t<\/div>\n\t\t\t\t<\/div>\n\t\t\t\t\t<\/div>\n\t\t<\/div>\n\t\t\t\t\t<\/div>\n\t\t<\/section>\n\t\t\t\t<section class=\"elementor-section elementor-top-section elementor-element elementor-element-2caa024 elementor-section-content-middle elementor-section-height-full elementor-section-boxed elementor-section-height-default elementor-section-items-middle\" data-id=\"2caa024\" data-element_type=\"section\" data-settings=\"{&quot;background_background&quot;:&quot;classic&quot;}\">\n\t\t\t\t\t\t\t<div class=\"elementor-background-overlay\"><\/div>\n\t\t\t\t\t\t\t<div class=\"elementor-container elementor-column-gap-default\">\n\t\t\t\t\t<div class=\"elementor-column elementor-col-100 elementor-top-column elementor-element elementor-element-9c748af\" data-id=\"9c748af\" data-element_type=\"column\">\n\t\t\t<div class=\"elementor-widget-wrap elementor-element-populated\">\n\t\t\t\t\t<div class=\"elementor-background-overlay\"><\/div>\n\t\t\t\t\t\t<section class=\"elementor-section elementor-inner-section elementor-element elementor-element-98af925 elementor-section-boxed elementor-section-height-default elementor-section-height-default\" data-id=\"98af925\" data-element_type=\"section\">\n\t\t\t\t\t\t<div class=\"elementor-container elementor-column-gap-default\">\n\t\t\t\t\t<div class=\"elementor-column elementor-col-100 elementor-inner-column elementor-element elementor-element-4dd9da9\" data-id=\"4dd9da9\" data-element_type=\"column\">\n\t\t\t<div class=\"elementor-widget-wrap elementor-element-populated\">\n\t\t\t\t\t\t<div class=\"elementor-element elementor-element-7518414 elementor-widget elementor-widget-heading\" data-id=\"7518414\" data-element_type=\"widget\" data-widget_type=\"heading.default\">\n\t\t\t\t<div class=\"elementor-widget-container\">\n\t\t\t<h2 class=\"elementor-heading-title elementor-size-default\">K\u00e9rem v\u00e1lasszon!<\/h2>\t\t<\/div>\n\t\t\t\t<\/div>\n\t\t\t\t<div class=\"elementor-element elementor-element-b8a5870 elementor-widget-divider--view-line elementor-widget elementor-widget-divider\" data-id=\"b8a5870\" data-element_type=\"widget\" data-widget_type=\"divider.default\">\n\t\t\t\t<div class=\"elementor-widget-container\">\n\t\t\t\t\t<div class=\"elementor-divider\">\n\t\t\t<span class=\"elementor-divider-separator\">\n\t\t\t\t\t\t<\/span>\n\t\t<\/div>\n\t\t\t\t<\/div>\n\t\t\t\t<\/div>\n\t\t\t\t\t<\/div>\n\t\t<\/div>\n\t\t\t\t\t<\/div>\n\t\t<\/section>\n\t\t\t\t<section class=\"elementor-section elementor-inner-section elementor-element elementor-element-3a9c1fe elementor-section-boxed elementor-section-height-default elementor-section-height-default\" data-id=\"3a9c1fe\" data-element_type=\"section\">\n\t\t\t\t\t\t<div class=\"elementor-container elementor-column-gap-wide\">\n\t\t\t\t\t<div class=\"elementor-column elementor-col-50 elementor-inner-column elementor-element elementor-element-e2305ac elementor-invisible\" data-id=\"e2305ac\" data-element_type=\"column\" data-settings=\"{&quot;background_background&quot;:&quot;classic&quot;,&quot;animation&quot;:&quot;slideInDown&quot;}\">\n\t\t\t<div class=\"elementor-widget-wrap elementor-element-populated\">\n\t\t\t\t\t<div class=\"elementor-background-overlay\"><\/div>\n\t\t\t\t\t\t<div class=\"elementor-element elementor-element-fcee0e4 elementor-widget elementor-widget-heading\" data-id=\"fcee0e4\" data-element_type=\"widget\" data-widget_type=\"heading.default\">\n\t\t\t\t<div class=\"elementor-widget-container\">\n\t\t\t<h3 class=\"elementor-heading-title elementor-size-default\">DR.B\u00c9RES P\u00c9TER<\/h3>\t\t<\/div>\n\t\t\t\t<\/div>\n\t\t\t\t<div class=\"elementor-element elementor-element-1c7dc80 elementor-widget elementor-widget-heading\" data-id=\"1c7dc80\" data-element_type=\"widget\" data-widget_type=\"heading.default\">\n\t\t\t\t<div class=\"elementor-widget-container\">\n\t\t\t<h5 class=\"elementor-heading-title elementor-size-default\">FOGSZAB\u00c1LYZ\u00d3 MAG\u00c1NRENDEL\u00c9S<\/h5>\t\t<\/div>\n\t\t\t\t<\/div>\n\t\t\t\t<div class=\"elementor-element elementor-element-caa9fc7 elementor-align-center elementor-invisible elementor-widget elementor-widget-button\" data-id=\"caa9fc7\" data-element_type=\"widget\" data-settings=\"{&quot;_animation&quot;:&quot;bounceInUp&quot;,&quot;_animation_delay&quot;:100}\" data-widget_type=\"button.default\">\n\t\t\t\t<div class=\"elementor-widget-container\">\n\t\t\t\t\t\t\t<div class=\"elementor-button-wrapper\">\n\t\t\t\t\t<a class=\"elementor-button elementor-button-link elementor-size-md elementor-animation-pulse-grow\" href=\"https:\/\/prodentes.hu\/?page_id=2320\" target=\"_blank\">\n\t\t\t\t\t\t<span class=\"elementor-button-content-wrapper\">\n\t\t\t\t\t\t\t\t\t<span class=\"elementor-button-text\">TOV\u00c1BB<\/span>\n\t\t\t\t\t<\/span>\n\t\t\t\t\t<\/a>\n\t\t\t\t<\/div>\n\t\t\t\t\t\t<\/div>\n\t\t\t\t<\/div>\n\t\t\t\t\t<\/div>\n\t\t<\/div>\n\t\t\t\t<div class=\"elementor-column elementor-col-50 elementor-inner-column elementor-element elementor-element-9ccdc78 elementor-invisible\" data-id=\"9ccdc78\" data-element_type=\"column\" data-settings=\"{&quot;background_background&quot;:&quot;classic&quot;,&quot;animation&quot;:&quot;slideInDown&quot;}\">\n\t\t\t<div class=\"elementor-widget-wrap elementor-element-populated\">\n\t\t\t\t\t<div class=\"elementor-background-overlay\"><\/div>\n\t\t\t\t\t\t<div class=\"elementor-element elementor-element-1f34ab5 elementor-widget elementor-widget-heading\" data-id=\"1f34ab5\" data-element_type=\"widget\" data-widget_type=\"heading.default\">\n\t\t\t\t<div class=\"elementor-widget-container\">\n\t\t\t<h3 class=\"elementor-heading-title elementor-size-default\">NEAK T\u00c1MOGATOTT <\/h3>\t\t<\/div>\n\t\t\t\t<\/div>\n\t\t\t\t<div class=\"elementor-element elementor-element-d64a537 elementor-widget elementor-widget-heading\" data-id=\"d64a537\" data-element_type=\"widget\" data-widget_type=\"heading.default\">\n\t\t\t\t<div class=\"elementor-widget-container\">\n\t\t\t<h5 class=\"elementor-heading-title elementor-size-default\">FOGSZAB\u00c1LYZ\u00d3 SZAKRENDEL\u00c9S<\/h5>\t\t<\/div>\n\t\t\t\t<\/div>\n\t\t\t\t<div class=\"elementor-element elementor-element-56c0508 elementor-align-center elementor-invisible elementor-widget elementor-widget-button\" data-id=\"56c0508\" data-element_type=\"widget\" data-settings=\"{&quot;_animation&quot;:&quot;bounceInUp&quot;,&quot;_animation_delay&quot;:100}\" data-widget_type=\"button.default\">\n\t\t\t\t<div class=\"elementor-widget-container\">\n\t\t\t\t\t\t\t<div class=\"elementor-button-wrapper\">\n\t\t\t\t\t<a class=\"elementor-button elementor-button-link elementor-size-md elementor-animation-pulse-grow\" href=\"https:\/\/prodentes.hu\/?page_id=2333\" target=\"_blank\">\n\t\t\t\t\t\t<span class=\"elementor-button-content-wrapper\">\n\t\t\t\t\t\t\t\t\t<span class=\"elementor-button-text\">TOV\u00c1BB<\/span>\n\t\t\t\t\t<\/span>\n\t\t\t\t\t<\/a>\n\t\t\t\t<\/div>\n\t\t\t\t\t\t<\/div>\n\t\t\t\t<\/div>\n\t\t\t\t\t<\/div>\n\t\t<\/div>\n\t\t\t\t\t<\/div>\n\t\t<\/section>\n\t\t\t\t<section class=\"elementor-section elementor-inner-section elementor-element elementor-element-2e48cd5 elementor-section-boxed elementor-section-height-default elementor-section-height-default\" data-id=\"2e48cd5\" data-element_type=\"section\" data-settings=\"{&quot;background_background&quot;:&quot;classic&quot;}\">\n\t\t\t\t\t\t<div class=\"elementor-container elementor-column-gap-wide\">\n\t\t\t\t\t<div class=\"elementor-column elementor-col-100 elementor-inner-column elementor-element elementor-element-a7c1ecd\" data-id=\"a7c1ecd\" data-element_type=\"column\">\n\t\t\t<div class=\"elementor-widget-wrap elementor-element-populated\">\n\t\t\t\t\t<div class=\"elementor-background-overlay\"><\/div>\n\t\t\t\t\t\t<div class=\"elementor-element elementor-element-b3a77d6 elementor-widget elementor-widget-image\" data-id=\"b3a77d6\" data-element_type=\"widget\" data-widget_type=\"image.default\">\n\t\t\t\t<div class=\"elementor-widget-container\">\n\t\t\t\t\t\t\t\t\t\t\t\t\t<img fetchpriority=\"high\" decoding=\"async\" width=\"1024\" height=\"440\" src=\"https:\/\/prodentes.hu\/wp-content\/uploads\/2022\/11\/prodentes-logo-feher-1024x440.png\" class=\"attachment-large size-large wp-image-1946\" alt=\"\" srcset=\"https:\/\/prodentes.hu\/wp-content\/uploads\/2022\/11\/prodentes-logo-feher-1024x440.png 1024w, https:\/\/prodentes.hu\/wp-content\/uploads\/2022\/11\/prodentes-logo-feher-300x129.png 300w, https:\/\/prodentes.hu\/wp-content\/uploads\/2022\/11\/prodentes-logo-feher-768x330.png 768w, https:\/\/prodentes.hu\/wp-content\/uploads\/2022\/11\/prodentes-logo-feher-1536x660.png 1536w, https:\/\/prodentes.hu\/wp-content\/uploads\/2022\/11\/prodentes-logo-feher-2048x880.png 2048w\" sizes=\"(max-width: 1024px) 100vw, 1024px\" \/>\t\t\t\t\t\t\t\t\t\t\t\t\t<\/div>\n\t\t\t\t<\/div>\n\t\t\t\t\t<\/div>\n\t\t<\/div>\n\t\t\t\t\t<\/div>\n\t\t<\/section>\n\t\t\t\t\t<\/div>\n\t\t<\/div>\n\t\t\t\t\t<\/div>\n\t\t<\/section>\n\t\t\t\t<\/div>\n\t\t","protected":false},"excerpt":{"rendered":"<p>Kedves Betegeink! T\u00e1j\u00e9koztatjuk \u00d6n\u00f6ket, hogy Dr. B\u00e9res P\u00e9ter \u00e9s Dr. Kajtor \u00c1gnes rendel\u00e9se 2025. j\u00falius 14. \u00e9s augusztus 3. k\u00f6z\u00f6tt sz\u00fcnetel. K\u00f6sz\u00f6nj\u00fck meg\u00e9rt\u00e9s\u00fcket \u00e9s j\u00f3 pihen\u00e9st k\u00edv\u00e1nunk! K\u00e9rem v\u00e1lasszon! DR.B\u00c9RES P\u00c9TER FOGSZAB\u00c1LYZ\u00d3 MAG\u00c1NRENDEL\u00c9S TOV\u00c1BB NEAK T\u00c1MOGATOTT FOGSZAB\u00c1LYZ\u00d3 SZAKRENDEL\u00c9S TOV\u00c1BB<\/p>\n","protected":false},"author":1,"featured_media":0,"parent":0,"menu_order":0,"comment_status":"closed","ping_status":"closed","template":"","meta":{"ocean_post_layout":"full-screen","ocean_both_sidebars_style":"","ocean_both_sidebars_content_width":0,"ocean_both_sidebars_sidebars_width":0,"ocean_sidebar":"0","ocean_second_sidebar":"0","ocean_disable_margins":"enable","ocean_add_body_class":"","ocean_shortcode_before_top_bar":"","ocean_shortcode_after_top_bar":"","ocean_shortcode_before_header":"","ocean_shortcode_after_header":"","ocean_has_shortcode":"","ocean_shortcode_after_title":"","ocean_shortcode_before_footer_widgets":"","ocean_shortcode_after_footer_widgets":"","ocean_shortcode_before_footer_bottom":"","ocean_shortcode_after_footer_bottom":"","ocean_display_top_bar":"off","ocean_display_header":"off","ocean_header_style":"","ocean_center_header_left_menu":"0","ocean_custom_header_template":"0","ocean_custom_logo":0,"ocean_custom_retina_logo":0,"ocean_custom_logo_max_width":0,"ocean_custom_logo_tablet_max_width":0,"ocean_custom_logo_mobile_max_width":0,"ocean_custom_logo_max_height":0,"ocean_custom_logo_tablet_max_height":0,"ocean_custom_logo_mobile_max_height":0,"ocean_header_custom_menu":"0","ocean_menu_typo_font_family":"0","ocean_menu_typo_font_subset":"","ocean_menu_typo_font_size":0,"ocean_menu_typo_font_size_tablet":0,"ocean_menu_typo_font_size_mobile":0,"ocean_menu_typo_font_size_unit":"px","ocean_menu_typo_font_weight":"","ocean_menu_typo_font_weight_tablet":"","ocean_menu_typo_font_weight_mobile":"","ocean_menu_typo_transform":"","ocean_menu_typo_transform_tablet":"","ocean_menu_typo_transform_mobile":"","ocean_menu_typo_line_height":0,"ocean_menu_typo_line_height_tablet":0,"ocean_menu_typo_line_height_mobile":0,"ocean_menu_typo_line_height_unit":"","ocean_menu_typo_spacing":0,"ocean_menu_typo_spacing_tablet":0,"ocean_menu_typo_spacing_mobile":0,"ocean_menu_typo_spacing_unit":"","ocean_menu_link_color":"","ocean_menu_link_color_hover":"","ocean_menu_link_color_active":"","ocean_menu_link_background":"","ocean_menu_link_hover_background":"","ocean_menu_link_active_background":"","ocean_menu_social_links_bg":"","ocean_menu_social_hover_links_bg":"","ocean_menu_social_links_color":"","ocean_menu_social_hover_links_color":"","ocean_disable_title":"on","ocean_disable_heading":"default","ocean_post_title":"","ocean_post_subheading":"","ocean_post_title_style":"","ocean_post_title_background_color":"","ocean_post_title_background":0,"ocean_post_title_bg_image_position":"","ocean_post_title_bg_image_attachment":"","ocean_post_title_bg_image_repeat":"","ocean_post_title_bg_image_size":"","ocean_post_title_height":0,"ocean_post_title_bg_overlay":0.5,"ocean_post_title_bg_overlay_color":"","ocean_disable_breadcrumbs":"default","ocean_breadcrumbs_color":"","ocean_breadcrumbs_separator_color":"","ocean_breadcrumbs_links_color":"","ocean_breadcrumbs_links_hover_color":"","ocean_display_footer_widgets":"off","ocean_display_footer_bottom":"off","ocean_custom_footer_template":"0","footnotes":""},"class_list":["post-1479","page","type-page","status-publish","hentry","entry"],"yoast_head":"<!-- This site is optimized with the Yoast SEO plugin v20.10 - https:\/\/yoast.com\/wordpress\/plugins\/seo\/ -->\n<title>Mag\u00e1nrendel\u00e9s \u00e9s NEAK t\u00e1mogat\u00e1s egy helyen | Pro Dentes Bt.<\/title>\n<meta name=\"description\" content=\"M\u00e1r el\u00e9rhet\u0151 n\u00e1lunk a l\u00e1thatatlan fogszab\u00e1lyoz\u00e1s! Mag\u00e1nrendel\u00e9s vagy NEAK t\u00e1mogat\u00e1s \u00e9rdekli? Bajai rendel\u0151nkben mindkett\u0151t megtal\u00e1lja!\" \/>\n<meta name=\"robots\" content=\"index, follow, max-snippet:-1, max-image-preview:large, max-video-preview:-1\" \/>\n<link rel=\"canonical\" href=\"https:\/\/prodentes.hu\/\" \/>\n<meta property=\"og:locale\" content=\"hu_HU\" \/>\n<meta property=\"og:type\" content=\"article\" \/>\n<meta property=\"og:title\" content=\"Mag\u00e1nrendel\u00e9s \u00e9s NEAK t\u00e1mogat\u00e1s egy helyen | Pro Dentes Bt.\" \/>\n<meta property=\"og:description\" content=\"M\u00e1r el\u00e9rhet\u0151 n\u00e1lunk a l\u00e1thatatlan fogszab\u00e1lyoz\u00e1s! Mag\u00e1nrendel\u00e9s vagy NEAK t\u00e1mogat\u00e1s \u00e9rdekli? Bajai rendel\u0151nkben mindkett\u0151t megtal\u00e1lja!\" \/>\n<meta property=\"og:url\" content=\"https:\/\/prodentes.hu\/\" \/>\n<meta property=\"og:site_name\" content=\"Pro Dentes Bt.\" \/>\n<meta property=\"article:modified_time\" content=\"2025-08-12T05:37:43+00:00\" \/>\n<meta property=\"og:image\" content=\"https:\/\/prodentes.hu\/wp-content\/uploads\/2022\/11\/prodentes-logo-feher-1024x440.png\" \/>\n<meta name=\"twitter:card\" content=\"summary_large_image\" \/>\n<meta name=\"twitter:label1\" content=\"Becs\u00fclt olvas\u00e1si id\u0151\" \/>\n\t<meta name=\"twitter:data1\" content=\"1 perc\" \/>\n<script type=\"application\/ld+json\" class=\"yoast-schema-graph\">{\"@context\":\"https:\/\/schema.org\",\"@graph\":[{\"@type\":\"WebPage\",\"@id\":\"https:\/\/prodentes.hu\/\",\"url\":\"https:\/\/prodentes.hu\/\",\"name\":\"Mag\u00e1nrendel\u00e9s \u00e9s NEAK t\u00e1mogat\u00e1s egy helyen | Pro Dentes Bt.\",\"isPartOf\":{\"@id\":\"https:\/\/prodentes.hu\/#website\"},\"datePublished\":\"2022-11-14T10:33:00+00:00\",\"dateModified\":\"2025-08-12T05:37:43+00:00\",\"description\":\"M\u00e1r el\u00e9rhet\u0151 n\u00e1lunk a l\u00e1thatatlan fogszab\u00e1lyoz\u00e1s! Mag\u00e1nrendel\u00e9s vagy NEAK t\u00e1mogat\u00e1s \u00e9rdekli? Bajai rendel\u0151nkben mindkett\u0151t megtal\u00e1lja!\",\"breadcrumb\":{\"@id\":\"https:\/\/prodentes.hu\/#breadcrumb\"},\"inLanguage\":\"hu\",\"potentialAction\":[{\"@type\":\"ReadAction\",\"target\":[\"https:\/\/prodentes.hu\/\"]}]},{\"@type\":\"BreadcrumbList\",\"@id\":\"https:\/\/prodentes.hu\/#breadcrumb\",\"itemListElement\":[{\"@type\":\"ListItem\",\"position\":1,\"name\":\"Kezd\u0151lap\",\"item\":\"https:\/\/prodentes.hu\/\"},{\"@type\":\"ListItem\",\"position\":2,\"name\":\"Mag\u00e1nrendel\u00e9s \u00e9s NEAK\"}]},{\"@type\":\"WebSite\",\"@id\":\"https:\/\/prodentes.hu\/#website\",\"url\":\"https:\/\/prodentes.hu\/\",\"name\":\"Pro Dentes Bt.\",\"description\":\"\",\"publisher\":{\"@id\":\"https:\/\/prodentes.hu\/#organization\"},\"alternateName\":\"Baja fogszab\u00e1lyoz\u00e1s\",\"potentialAction\":[{\"@type\":\"SearchAction\",\"target\":{\"@type\":\"EntryPoint\",\"urlTemplate\":\"https:\/\/prodentes.hu\/?s={search_term_string}\"},\"query-input\":\"required name=search_term_string\"}],\"inLanguage\":\"hu\"},{\"@type\":\"Organization\",\"@id\":\"https:\/\/prodentes.hu\/#organization\",\"name\":\"Pro Dentes Bt.\",\"alternateName\":\"Baja fogszab\u00e1lyoz\u00e1s\",\"url\":\"https:\/\/prodentes.hu\/\",\"logo\":{\"@type\":\"ImageObject\",\"inLanguage\":\"hu\",\"@id\":\"https:\/\/prodentes.hu\/#\/schema\/logo\/image\/\",\"url\":\"https:\/\/prodentes.hu\/wp-content\/uploads\/2022\/04\/prodentes-logo-png.png\",\"contentUrl\":\"https:\/\/prodentes.hu\/wp-content\/uploads\/2022\/04\/prodentes-logo-png.png\",\"width\":5291,\"height\":3401,\"caption\":\"Pro Dentes Bt.\"},\"image\":{\"@id\":\"https:\/\/prodentes.hu\/#\/schema\/logo\/image\/\"}}]}<\/script>\n<!-- \/ Yoast SEO plugin. -->","yoast_head_json":{"title":"Mag\u00e1nrendel\u00e9s \u00e9s NEAK t\u00e1mogat\u00e1s egy helyen | Pro Dentes Bt.","description":"M\u00e1r el\u00e9rhet\u0151 n\u00e1lunk a l\u00e1thatatlan fogszab\u00e1lyoz\u00e1s! Mag\u00e1nrendel\u00e9s vagy NEAK t\u00e1mogat\u00e1s \u00e9rdekli? Bajai rendel\u0151nkben mindkett\u0151t megtal\u00e1lja!","robots":{"index":"index","follow":"follow","max-snippet":"max-snippet:-1","max-image-preview":"max-image-preview:large","max-video-preview":"max-video-preview:-1"},"canonical":"https:\/\/prodentes.hu\/","og_locale":"hu_HU","og_type":"article","og_title":"Mag\u00e1nrendel\u00e9s \u00e9s NEAK t\u00e1mogat\u00e1s egy helyen | Pro Dentes Bt.","og_description":"M\u00e1r el\u00e9rhet\u0151 n\u00e1lunk a l\u00e1thatatlan fogszab\u00e1lyoz\u00e1s! Mag\u00e1nrendel\u00e9s vagy NEAK t\u00e1mogat\u00e1s \u00e9rdekli? Bajai rendel\u0151nkben mindkett\u0151t megtal\u00e1lja!","og_url":"https:\/\/prodentes.hu\/","og_site_name":"Pro Dentes Bt.","article_modified_time":"2025-08-12T05:37:43+00:00","og_image":[{"url":"https:\/\/prodentes.hu\/wp-content\/uploads\/2022\/11\/prodentes-logo-feher-1024x440.png"}],"twitter_card":"summary_large_image","twitter_misc":{"Becs\u00fclt olvas\u00e1si id\u0151":"1 perc"},"schema":{"@context":"https:\/\/schema.org","@graph":[{"@type":"WebPage","@id":"https:\/\/prodentes.hu\/","url":"https:\/\/prodentes.hu\/","name":"Mag\u00e1nrendel\u00e9s \u00e9s NEAK t\u00e1mogat\u00e1s egy helyen | Pro Dentes Bt.","isPartOf":{"@id":"https:\/\/prodentes.hu\/#website"},"datePublished":"2022-11-14T10:33:00+00:00","dateModified":"2025-08-12T05:37:43+00:00","description":"M\u00e1r el\u00e9rhet\u0151 n\u00e1lunk a l\u00e1thatatlan fogszab\u00e1lyoz\u00e1s! Mag\u00e1nrendel\u00e9s vagy NEAK t\u00e1mogat\u00e1s \u00e9rdekli? Bajai rendel\u0151nkben mindkett\u0151t megtal\u00e1lja!","breadcrumb":{"@id":"https:\/\/prodentes.hu\/#breadcrumb"},"inLanguage":"hu","potentialAction":[{"@type":"ReadAction","target":["https:\/\/prodentes.hu\/"]}]},{"@type":"BreadcrumbList","@id":"https:\/\/prodentes.hu\/#breadcrumb","itemListElement":[{"@type":"ListItem","position":1,"name":"Kezd\u0151lap","item":"https:\/\/prodentes.hu\/"},{"@type":"ListItem","position":2,"name":"Mag\u00e1nrendel\u00e9s \u00e9s NEAK"}]},{"@type":"WebSite","@id":"https:\/\/prodentes.hu\/#website","url":"https:\/\/prodentes.hu\/","name":"Pro Dentes Bt.","description":"","publisher":{"@id":"https:\/\/prodentes.hu\/#organization"},"alternateName":"Baja fogszab\u00e1lyoz\u00e1s","potentialAction":[{"@type":"SearchAction","target":{"@type":"EntryPoint","urlTemplate":"https:\/\/prodentes.hu\/?s={search_term_string}"},"query-input":"required name=search_term_string"}],"inLanguage":"hu"},{"@type":"Organization","@id":"https:\/\/prodentes.hu\/#organization","name":"Pro Dentes Bt.","alternateName":"Baja fogszab\u00e1lyoz\u00e1s","url":"https:\/\/prodentes.hu\/","logo":{"@type":"ImageObject","inLanguage":"hu","@id":"https:\/\/prodentes.hu\/#\/schema\/logo\/image\/","url":"https:\/\/prodentes.hu\/wp-content\/uploads\/2022\/04\/prodentes-logo-png.png","contentUrl":"https:\/\/prodentes.hu\/wp-content\/uploads\/2022\/04\/prodentes-logo-png.png","width":5291,"height":3401,"caption":"Pro Dentes Bt."},"image":{"@id":"https:\/\/prodentes.hu\/#\/schema\/logo\/image\/"}}]}},"_links":{"self":[{"href":"https:\/\/prodentes.hu\/index.php?rest_route=\/wp\/v2\/pages\/1479","targetHints":{"allow":["GET"]}}],"collection":[{"href":"https:\/\/prodentes.hu\/index.php?rest_route=\/wp\/v2\/pages"}],"about":[{"href":"https:\/\/prodentes.hu\/index.php?rest_route=\/wp\/v2\/types\/page"}],"author":[{"embeddable":true,"href":"https:\/\/prodentes.hu\/index.php?rest_route=\/wp\/v2\/users\/1"}],"replies":[{"embeddable":true,"href":"https:\/\/prodentes.hu\/index.php?rest_route=%2Fwp%2Fv2%2Fcomments&post=1479"}],"version-history":[{"count":233,"href":"https:\/\/prodentes.hu\/index.php?rest_route=\/wp\/v2\/pages\/1479\/revisions"}],"predecessor-version":[{"id":2367,"href":"https:\/\/prodentes.hu\/index.php?rest_route=\/wp\/v2\/pages\/1479\/revisions\/2367"}],"wp:attachment":[{"href":"https:\/\/prodentes.hu\/index.php?rest_route=%2Fwp%2Fv2%2Fmedia&parent=1479"}],"curies":[{"name":"wp","href":"https:\/\/api.w.org\/{rel}","templated":true}]}}